{"id":300,"date":"2023-06-06T03:02:51","date_gmt":"2023-06-06T03:02:51","guid":{"rendered":"https:\/\/ecuadorwonders.com\/tours\/?post_type=product&#038;p=300"},"modified":"2023-06-15T16:34:00","modified_gmt":"2023-06-15T16:34:00","slug":"10d-9n-daily-departures-discover-peru","status":"publish","type":"product","link":"https:\/\/ecuadorwonders.com\/tours\/producto\/10d-9n-daily-departures-discover-peru\/","title":{"rendered":"Discover Peru. SHARED TOUR 10d\/9n"},"content":{"rendered":"<div class=\"accordion\">\n<div id=\"accordion-4262912850\" class=\"accordion-item\"><a id=\"accordion-4262912850-label\" href=\"#\" class=\"accordion-title plain\" aria-expanded=\"false\" aria-controls=\"accordion-4262912850-content\"><button class=\"toggle\" aria-label=\"Toggle\"><i class=\"icon-angle-down\"><\/i><\/button><span>Day 01: WELCOME TO LIMA, CITY OF KINGS AND THE LARCO MUSEUM OF CULTURES<\/span><\/a><div id=\"accordion-4262912850-content\" class=\"accordion-inner\" aria-labelledby=\"accordion-4262912850-label\">\n<p>Altitude Lima 40 m.a.s.l.<br \/>Arrival to the city of Lima, assistance, and transfer to the hotel.<br \/>An exclusive and intense tour of the Historical Center of Lima will take us to know and admire the architectonic relics that are part of the old Lima, which has been recognized by UNESCO as a World Heritage Site. The Convent of Santo Domingo is the beginning of this magnificent experience. It was built during the foundation of Lima. The Universidad Mayor de San Marcos (University of San Marcos) was founded on this site, the oldest in America. Inside, the choir with the oldest stalls in the country; and the library, with 25,000 books, some printed in the XV century, has an invaluable historical value. The mortal remains of San Mart\u00edn de Porres, San Juan Mas\u00edas and Santa Rosa de Lima lie inside. Crossing the Plaza Mayor, the Government Palace and the Municipality, going into the Cathedral, a jewel in the history of Lima, with artworks that will make us feel closer to colonial Lima. Leaving downtown Lima and heading to the Larco Museum, where we will get a clear vision of the cultures that inhabited ancient Peru. We shall admire the gold pieces, textiles and erotic ceramics that are part of the collection which will introduce us to the cosmovision of the ancient Peru. The warehouse of this museum will be open during our visit to appreciate the expressions of art that were reflected in their ceramics.<\/p>\n<p>Accommodation: at a hotel of a selected category<\/p>\n<p>-\/-\/-<\/p>\n<\/div><\/div>\n<div id=\"accordion-49548895\" class=\"accordion-item\"><a id=\"accordion-49548895-label\" href=\"#\" class=\"accordion-title plain\" aria-expanded=\"false\" aria-controls=\"accordion-49548895-content\"><button class=\"toggle\" aria-label=\"Toggle\"><i class=\"icon-angle-down\"><\/i><\/button><span>Day 02: AREQUIPA, THE WHITE CITY<\/span><\/a><div id=\"accordion-49548895-content\" class=\"accordion-inner\" aria-labelledby=\"accordion-49548895-label\">\n<p>Transfer to the airport. Departure to Arequipa. Arrival, assistance and transfer to the hotel.<br \/>Altitude Arequipa 2,335 m.a.s.l.<br \/>In the afternoon, the \u201cWhite City\u201d opens its doors to us in a tour that starts in the beautiful colonial neighborhood of San L\u00e1zaro, the place where Arequipa was founded; from here we will walk thru its colorful streets adorned with geraniums and later we will go to the observation point of Carmen Alto, to enjoy a beautiful view of agricultural terraces and from there we will be able to observe the three volcanos towering over the city: Misti, Chachani and Picchu -Picchu. We continue towards the colonial district of Yanahuara, famous for its church built in the Andalusian style and its observation point, erected with a beautiful architecture and surrounded with arches made of ashlar. Later, we visit the Santa Catalina Monastery, impressive religious monument that was closed for nearly 400 years; with narrow streets, squares and gardens that remind us of the old neighborhoods of Sevilla or Granada. Next, we head towards the Plaza de Armas, from there we will be able to watch the Cathedral and the arches surrounding the plaza, and finally visit the Iglesia de la Compa\u00f1\u00eda de Jes\u00fas; established by the Jesuits in the XVII century, note its cloisters and the famous Dome of San Ignacio.<\/p>\n<p>Accommodation: at a hotel of a selected category<\/p>\n<p>B\/-\/-<\/p>\n<\/div><\/div>\n<div id=\"accordion-3332283474\" class=\"accordion-item\"><a id=\"accordion-3332283474-label\" href=\"#\" class=\"accordion-title plain\" aria-expanded=\"false\" aria-controls=\"accordion-3332283474-content\"><button class=\"toggle\" aria-label=\"Toggle\"><i class=\"icon-angle-down\"><\/i><\/button><span>Day 03: THE VOLCANOS ROUTE, PAMPA CA\u00d1AHUAS AND CHIVAY<\/span><\/a><div id=\"accordion-3332283474-content\" class=\"accordion-inner\" aria-labelledby=\"accordion-3332283474-label\">\n<p>Altitude Chivay \u2013 Colca 3,635 m.a.s.l.<br \/>Outing in an adventure by land towards the spectacular Colca Valley. We take the route of the volcanos, going up by the side of the Chachani volcano, and having a formidable view of the Misti and the Picchu volcanos. Our path will go across the vicuna reserve of Pampa Ca\u00f1ahuas, high Andean habitat where the vicunas live and are protected. The highest point of our trajectory will reach 4,900 m.a.s.l. in the pass of Patapampa, from there we can appreciate the active volcano Sabancaya. Descent to the Colca Valley. Arrival and lodging. Lunch at the hotel. Free time to rest or to enjoy a bath in the thermal waters in the area.<\/p>\n<p>Accommodation: at a hotel of a selected category.<\/p>\n<p>B\/L\/-<\/p>\n<\/div><\/div>\n<div id=\"accordion-1074363474\" class=\"accordion-item\"><a id=\"accordion-1074363474-label\" href=\"#\" class=\"accordion-title plain\" aria-expanded=\"false\" aria-controls=\"accordion-1074363474-content\"><button class=\"toggle\" aria-label=\"Toggle\"><i class=\"icon-angle-down\"><\/i><\/button><span>Day 04: COLCA CANYON, OBSERVATION POINT OF THE CRUZ DEL C\u00d3NDOR AND ROUTE TO PUNO<\/span><\/a><div id=\"accordion-1074363474-content\" class=\"accordion-inner\" aria-labelledby=\"accordion-1074363474-label\">\n<p>At dawn, we head towards the observation point of the Cruz del C\u00f3ndor. We will be observing the imposing flight of the condors, huge Andean birds that are the symbol of the Andean countries. The view lets us appreciate the great dimension of the canyon, considered one of the world\u2019s deepest canyons. We will visit the towns of Maca and Yanque that still preserve its colonial churches. Lunch in a restaurant in the area. In the afternoon, departure by bus in a 6 hour and a half trip to the city of Puno. Arrival, assistance, and transfer to the hotel.<br \/>Altitude Puno 3,827 m.a.s.l.<\/p>\n<p>Accommodation: at a hotel of a selected category<\/p>\n<p>B\/L\/-<\/p>\n<\/div><\/div>\n<div id=\"accordion-4115276690\" class=\"accordion-item\"><a id=\"accordion-4115276690-label\" href=\"#\" class=\"accordion-title plain\" aria-expanded=\"false\" aria-controls=\"accordion-4115276690-content\"><button class=\"toggle\" aria-label=\"Toggle\"><i class=\"icon-angle-down\"><\/i><\/button><span>Day 05: THE TITICACA SACRED LAKE AND ITS ISLANDS<\/span><\/a><div id=\"accordion-4115276690-content\" class=\"accordion-inner\" aria-labelledby=\"accordion-4115276690-label\">\n<p>Altitude Sacred Valley 2,871 m.a.s.l.<br \/>In the morning, board a motorboat to visit the Uros, a town of people that sought refuge inside Lake Titicaca, fleeing the different cultures that arrived to dominate them. This community continues building their islands following the ancient techniques, and welcome us to pass on their knowledge. Its people make a living from its visitors. Continue sailing towards the Island of Taquile. The community of this island has maintained alive its traditions, clothes and way of life. It is one of the few Quechua communities in a region that is essentially Aymara, and they have kept unreachable to modernity and its possible effect on their lives. They will welcome us with their music and dances. Lunch at a community restaurant, a simple meal but very rich in nutrients. Afterwards, take a walk around the surrounding areas to appreciate the beautiful view of the Lake Titicaca. Return to the port of Puno. Transfer to the hotel.<\/p>\n<p>Accommodation: at a hotel of a selected category<\/p>\n<p>B\/L\/-<\/p>\n<\/div><\/div>\n<div id=\"accordion-2382060888\" class=\"accordion-item\"><a id=\"accordion-2382060888-label\" href=\"#\" class=\"accordion-title plain\" aria-expanded=\"false\" aria-controls=\"accordion-2382060888-content\"><button class=\"toggle\" aria-label=\"Toggle\"><i class=\"icon-angle-down\"><\/i><\/button><span>Day 06: ROUTE OF THE ALTIPLANO<\/span><\/a><div id=\"accordion-2382060888-content\" class=\"accordion-inner\" aria-labelledby=\"accordion-2382060888-label\">\n<p>We depart in a tour bus to the city of Cusco. Our first stop will be the Museo de L\u00edtico de Pucar\u00e1 (Pucara lithic museum), place that preserves the remains of the Pucar\u00e1 culture with pieces that will surprise us such as monoliths, stelas and sculptures with animal shapes. This town is also famous for the toritos de Pucar\u00e1 (Pucara little bulls), beautiful multicolored handicrafts that symbolize protection, happiness and fertility. Our next stop will be in the highest point at 4,335 m.a.s.l. in La Raya, geographic division of the basin of the water from the Titicaca lake and from the Vilcanota river that will go to the Amazonas river basin. Lunch. We continue towards the town of Racchi, location of the temple of the god Wiracocha, the stone base of the huge columns and walls stand out and give us an idea of how majestic this small palace was. As our last stop, we visit the beautiful church of San Pedro Ap\u00f3stol de Andahuaylillas, known as the \u201cSixtina de Am\u00e9rica\u201d (The Sistine Chapel of America) for the paintings that adorn its ceilings and walls. Arrival to Cusco. Transfer to the hotel.<br \/>IMPORTANT: in the city of Cusco. We offer an experience of visiting the city and the Archaeological Park of Sacsayhuaman in two half days to discover interesting spots of the city of Cusco that the traditional visitor does not cover. Our operation takes the visitor away from the crowd, and gives each archaeologic site and church the necessary time to get to know it.<br \/>Altitude Cusco 3,400 m.a.s.l.<\/p>\n<p>Accommodation: at a hotel of a selected category<\/p>\n<p>B\/L\/-<\/p>\n<\/div><\/div>\n<div id=\"accordion-4185638212\" class=\"accordion-item\"><a id=\"accordion-4185638212-label\" href=\"#\" class=\"accordion-title plain\" aria-expanded=\"false\" aria-controls=\"accordion-4185638212-content\"><button class=\"toggle\" aria-label=\"Toggle\"><i class=\"icon-angle-down\"><\/i><\/button><span>Day 07: CUSCO, CAPITAL OF THE EMPIRE AND THE ARCHAEOLOGICAL PARK OF SACSAYHUAMAN<\/span><\/a><div id=\"accordion-4185638212-content\" class=\"accordion-inner\" aria-labelledby=\"accordion-4185638212-label\">\n<p>Altitude Sacsayhuaman 3,700 m.a.s.l.<br \/>In the morning, we will leave behind the crowds in order to visit Sacsayhuaman, an impressive citadel full of colossal constructions surrounded by beautiful landscape in total communion with the environment. Afterwards, we continue to the Inca adoratory of Q\u2019enqo, with its surprising altar for sacrifices embedded in the internal part of its rocky formation. Finally, we arrive at the Puca Pucar\u00e1 lookout and Tambomachay, a monument of notable architectonic excellence which is considered one of the pillars of the Andean cosmovision.<br \/>In the afternoon, exclusive stroll in the city that starts with a visit to the Plaza de San Crist\u00f3bal (San Cristobal Square) to enjoy a panoramic overview of the city. Afterwards, we will visit the San Pedro Market, where we will absorb the local flavors and learn more about the products of the area in this market that has it all and supplies the entire city. Later, the Qorikancha Temple will welcome us with all its splendor and magnificence, with walls that used to be covered in gold. From San Blas, the artisans\u2019 neighborhood, we will walk down the street Hatun Rumiyoc finding in our way the palace Inca Roca, today\u00b4s Archbishops Palace, and we will have time to admire the world famous Twelve Angled Stone. We will continue to the Plaza de Armas to visit The Cathedral that houses colonial works of incredible value.<\/p>\n<p>Accommodation: at a hotel of a selected category<\/p>\n<p>B\/-\/-<\/p>\n<\/div><\/div>\n<div id=\"accordion-4269719041\" class=\"accordion-item\"><a id=\"accordion-4269719041-label\" href=\"#\" class=\"accordion-title plain\" aria-expanded=\"false\" aria-controls=\"accordion-4269719041-content\"><button class=\"toggle\" aria-label=\"Toggle\"><i class=\"icon-angle-down\"><\/i><\/button><span>Day 08: INCA VILLAGE OF CHINCHERO, TERRACES OF MORAY AND THE INCA VILLAGE OF OLLANTAYTAMBO<\/span><\/a><div id=\"accordion-4269719041-content\" class=\"accordion-inner\" aria-labelledby=\"accordion-4269719041-label\">\n<p>This day we shall visit the most outstanding places in the Sacred Valley of the Incas. We will depart towards the Village of Chinchero, the most typical and colorful of the Sacred Valley. This village is famous for its weaving women. Short stop in a textiles center to appreciate the old Inca techniques for the dyeing and spinning using alpaca wool. After visiting the Inca plaza with its beautiful colonial church, we will continue towards Moray, a beautiful Inca archaeological site made up of concentric agricultural terraces that served as a lab to recreate microclimates. Lunch. Later visit to the last living village of the Incas, Ollantaytambo. Also, a visit to the Temple of the ten windows, the bath of the princess, and the Sun Temple. The postcard pictures that we will take from the heights of Ollantaytambo will close this magical day in the Sacred Valley of the Incas. Lodging in the area.<\/p>\n<p>Accommodation: at a hotel of a selected category<\/p>\n<p>B\/L\/-<\/p>\n<\/div><\/div>\n<div id=\"accordion-1252614171\" class=\"accordion-item\"><a id=\"accordion-1252614171-label\" href=\"#\" class=\"accordion-title plain\" aria-expanded=\"false\" aria-controls=\"accordion-1252614171-content\"><button class=\"toggle\" aria-label=\"Toggle\"><i class=\"icon-angle-down\"><\/i><\/button><span>DAY 09: MACHU PICCHU, THE LOST CITY<\/span><\/a><div id=\"accordion-1252614171-content\" class=\"accordion-inner\" aria-labelledby=\"accordion-1252614171-label\">\n<p>Altitude Machu Picchu 2.440 m.a.s.l.<br \/>The much-awaited day to visit one of the 7 Wonders of the World. Boarding at the Ollantaytambo station. Departure in the selected train. Arrival at the Machu Picchu station. Assistance, from our staff to board the bus that will ascend up a winding road, with a spectacular view of the Urubamba river which forms a deep canyon. The Lost City of the Incas, Machu Picchu, will greet us with its incredible terraces, staircases, ceremonial sites and urban areas. Energy exudes from the whole place. Lunch. At the coordinated time, return by train and transfer to the hotel in Cusco. Lodging.<br \/>IMPORTANT: Machu Picchu has limited capacity. It is required to give the full name, identification document, nationality, date of birth at the time of the reservation. The access to Machu Picchu is taking turns. We are allowed to only remain 4 hours in the citadel. The paths are delimited. We will follow the high-long path. Not permitted: to climb the walls, rest on the steps or terraces, or use walking sticks and drones.<\/p>\n<p>Accommodation: at a hotel of a selected category<\/p>\n<p>B\/L\/-<\/p>\n<\/div><\/div>\n<div id=\"accordion-3106588457\" class=\"accordion-item\"><a id=\"accordion-3106588457-label\" href=\"#\" class=\"accordion-title plain\" aria-expanded=\"false\" aria-controls=\"accordion-3106588457-content\"><button class=\"toggle\" aria-label=\"Toggle\"><i class=\"icon-angle-down\"><\/i><\/button><span>Day 10: FAREWELL DAY<\/span><\/a><div id=\"accordion-3106588457-content\" class=\"accordion-inner\" aria-labelledby=\"accordion-3106588457-label\">\n<p>Transfer to the airport to take your flight to Lima and connect with your international flight to your home.<\/p>\n<p>B\/-\/-<\/p>\n<\/div><\/div>\n<\/div>\n<p><strong>What to bring:<\/strong><\/p>\n<ul>\n<li>Long sleeve shirt. The solar radiation is high at high altitudes. Protect your skin.<\/li>\n<li>Cap or hat. You can also get them in the artisan markets and contribute to the local economy.<\/li>\n<li>Warm clothing for the night. Scarf.<\/li>\n<li>Comfortable shoes for walking. Trekking sneakers.<\/li>\n<li>Raincoat, in the November to March season. Avoid purchasing single use raincoats.<\/li>\n<li>Reusable water bottle. Several hotels have water filters available to refill your reusable water bottles. We support the reduction of the single use plastic water Bottle<\/li>\n<\/ul>\n<p><strong>2023 RATES IN US$ PER PERSON<\/strong><\/p>\n<table>\n<tbody>\n<tr>\n<td width=\"312\">\u00a0<\/td>\n<td colspan=\"3\" width=\"150\">\u00a0<\/td>\n<\/tr>\n<tr>\n<td width=\"312\">1-3 pax<\/td>\n<td width=\"55\">SNGL<\/td>\n<td width=\"48\">DBL<\/td>\n<td width=\"47\">TRPL<\/td>\n<\/tr>\n<tr>\n<td width=\"312\">Economy Category \/ Expedition Train<\/td>\n<td width=\"55\"><strong>1675<\/strong><\/td>\n<td width=\"48\"><strong>1345<\/strong><\/td>\n<td width=\"47\"><strong>1300<\/strong><\/td>\n<\/tr>\n<tr>\n<td width=\"312\">Tourist Category \/ Expedition Train<\/td>\n<td width=\"55\"><strong>1756<\/strong><\/td>\n<td width=\"48\"><strong>1380<\/strong><\/td>\n<td width=\"47\"><strong>1330<\/strong><\/td>\n<\/tr>\n<tr>\n<td width=\"312\">Tourist Superior Category \/ Expedition Train<\/td>\n<td width=\"55\"><strong>1845<\/strong><\/td>\n<td width=\"48\"><strong>1438<\/strong><\/td>\n<td width=\"47\"><strong>1385<\/strong><\/td>\n<\/tr>\n<\/tbody>\n<\/table>\n<p><strong>\u00a0<\/strong><\/p>\n","protected":false},"excerpt":{"rendered":"<p>In this 10-day, 9-night tour, we will discover the special charms of Arequipa, Colca Canyon, Lake Titicaca, and Machu Picchu in southern Peru. We will explore the White City of Arequipa, soar over the majestic Colca Canyon, navigate the mysterious, navigable lake, and visit the city located among the clouds. Let&#8217;s discover the special charms of Peru in a unique way!<\/p>\n","protected":false},"featured_media":301,"comment_status":"closed","ping_status":"closed","template":"","meta":[],"product_cat":[20],"product_tag":[],"class_list":["post-300","product","type-product","status-publish","has-post-thumbnail","hentry","product_cat-peru"],"acf":[],"_links":{"self":[{"href":"https:\/\/ecuadorwonders.com\/tours\/wp-json\/wp\/v2\/product\/300","targetHints":{"allow":["GET"]}}],"collection":[{"href":"https:\/\/ecuadorwonders.com\/tours\/wp-json\/wp\/v2\/product"}],"about":[{"href":"https:\/\/ecuadorwonders.com\/tours\/wp-json\/wp\/v2\/types\/product"}],"replies":[{"embeddable":true,"href":"https:\/\/ecuadorwonders.com\/tours\/wp-json\/wp\/v2\/comments?post=300"}],"wp:featuredmedia":[{"embeddable":true,"href":"https:\/\/ecuadorwonders.com\/tours\/wp-json\/wp\/v2\/media\/301"}],"wp:attachment":[{"href":"https:\/\/ecuadorwonders.com\/tours\/wp-json\/wp\/v2\/media?parent=300"}],"wp:term":[{"taxonomy":"product_cat","embeddable":true,"href":"https:\/\/ecuadorwonders.com\/tours\/wp-json\/wp\/v2\/product_cat?post=300"},{"taxonomy":"product_tag","embeddable":true,"href":"https:\/\/ecuadorwonders.com\/tours\/wp-json\/wp\/v2\/product_tag?post=300"}],"curies":[{"name":"wp","href":"https:\/\/api.w.org\/{rel}","templated":true}]}}