{"id":234,"date":"2023-05-24T16:26:06","date_gmt":"2023-05-24T16:26:06","guid":{"rendered":"https:\/\/ecuadorwonders.com\/tours\/?post_type=product&#038;p=234"},"modified":"2023-06-14T22:01:01","modified_gmt":"2023-06-14T22:01:01","slug":"colombia-with-coffee-and-culture-bogota-pereira-cartagena-08-nights-09-days","status":"publish","type":"product","link":"https:\/\/ecuadorwonders.com\/tours\/producto\/colombia-with-coffee-and-culture-bogota-pereira-cartagena-08-nights-09-days\/","title":{"rendered":"COLOMBIA WITH COFFEE AND CULTURE BOGOTA, PEREIRA, CARTAGENA 9n\/8n"},"content":{"rendered":"<div class=\"accordion\">\n<div id=\"accordion-4232464601\" class=\"accordion-item\"><a id=\"accordion-4232464601-label\" href=\"#\" class=\"accordion-title plain\" aria-expanded=\"false\" aria-controls=\"accordion-4232464601-content\"><button class=\"toggle\" aria-label=\"Toggle\"><i class=\"icon-angle-down\"><\/i><\/button><span>Day 1 - BOGOTA<\/span><\/a><div id=\"accordion-4232464601-content\" class=\"accordion-inner\" aria-labelledby=\"accordion-4232464601-label\">\n<p>Arrival in the City of Bogot\u00e1, assistance at the El Dorado International Airport, and transfer to the hotel to carry out the respective Check-in.<\/p>\n<p>Accommodation in a selected hotel<br \/>\n-\/-\/-<\/p>\n<\/div><\/div><div id=\"accordion-1599644139\" class=\"accordion-item\"><a id=\"accordion-1599644139-label\" href=\"#\" class=\"accordion-title plain\" aria-expanded=\"false\" aria-controls=\"accordion-1599644139-content\"><button class=\"toggle\" aria-label=\"Toggle\"><i class=\"icon-angle-down\"><\/i><\/button><span>Day 2 - BOGOT\u00c1 \u2013 CITY TOUR + MONSERRATE<\/span><\/a><div id=\"accordion-1599644139-content\" class=\"accordion-inner\" aria-labelledby=\"accordion-1599644139-label\">\n<p>Breakfast at the hotel. At the agreed time, the City Tour will begin through the historic center of Bogot\u00e1, also called &#8220;La Candelaria&#8221;, within which the Gold Museum will be visited, where about 34,000 pieces of pre-Hispanic gold and more than 25,000 pre-Colombian objects will be known. Later, the Casa de la Moneda and Donaci\u00f3n Botero will be visited, where works by the master Fernando Botero, a Colombian internationally recognized in different artistic techniques such as painting, drawing and sculpture, are exhibited. The tour will continue with a panoramic tour knowing the Framework of the Plaza de Bol\u00edvar (The Primate Cathedral, The House of Nari\u00f1o, The Li\u00e9vano Palace and The Palace of Justice), to finish the ascent to Monserrate. Back to the hotel.<br \/>\nDuration: 6 hours<br \/>\nIt includes: Professional tour guide in English, private transportation, entrance to Museo Del Oro &#8211; Casa de la Moneda and Botero Donation and ascent to Monserrate.<br \/>\nImportant note: Gold Museum closed on Mondays, Casa de la Moneda and Donaci\u00f3n Botero closed on Tuesdays.<\/p>\n<p>Accommodation in a selected hotel<br \/>\nB\/-\/-<\/p>\n<\/div><\/div><div id=\"accordion-2413616744\" class=\"accordion-item\"><a id=\"accordion-2413616744-label\" href=\"#\" class=\"accordion-title plain\" aria-expanded=\"false\" aria-controls=\"accordion-2413616744-content\"><button class=\"toggle\" aria-label=\"Toggle\"><i class=\"icon-angle-down\"><\/i><\/button><span>Day 3 - BOGOT\u00c1 \u2013 ZIPAQUIR\u00c1 \u2013 VISIT THE SALT CATHEDRAL OF ZIPAQUIR\u00c1<\/span><\/a><div id=\"accordion-2413616744-content\" class=\"accordion-inner\" aria-labelledby=\"accordion-2413616744-label\">\n<p>Breakfast at the hotel. At the agreed time, assistance at the hotel and departure to the town of Zipaquir\u00e1, passing through the so-called \u201cSavannah of Bogot\u00e1\u201d. Arrival at the Zipaquir\u00e1 Salt Cathedral, one of the main tourist sites in Colombia, cataloged as the first wonder of Colombia built 180 meters deep in a salt mine. Back to the hotel.<br \/>\nDuration:5 hours<br \/>\nIt includes: Professional tour guide in English, private transportation, entrance to the Zipaquir\u00e1 Salt Cathedral.<\/p>\n<p>Accommodation in a selected hotel<br \/>\nB\/-\/-<\/p>\n<\/div><\/div><div id=\"accordion-2906215549\" class=\"accordion-item\"><a id=\"accordion-2906215549-label\" href=\"#\" class=\"accordion-title plain\" aria-expanded=\"false\" aria-controls=\"accordion-2906215549-content\"><button class=\"toggle\" aria-label=\"Toggle\"><i class=\"icon-angle-down\"><\/i><\/button><span>Day 4 - BOGOT\u00c1 \u2013 BOGOT\u00c1 \u2013 PEREIRA \u2013 VISIT TO THE COFFEE FARM<\/span><\/a><div id=\"accordion-2906215549-content\" class=\"accordion-inner\" aria-labelledby=\"accordion-2906215549-label\">\n<p>Breakfast at the hotel. At the agreed time, transfer to the El Dorado International Airport to take a flight (not included) to Pereira.<br \/>\nSuggested Domestic Flight Itineraries (Not included in the program)<\/p>\n<p>AIRLINE ROUTE DEPARTURE TIME ARRIVAL TIME<br \/>\nAvianca Bogota-Pereira. 10:00 a.m. 11:01 a.m.<\/p>\n<p>Arrival and reception at the Mateca\u00f1a International Airport, transfer to the hotel for the respective check-in.<br \/>\nat the agreed time the route to the municipality of Santa Rosa de Cabal will begin. Once you arrive at the Coffee Farm, the tour begins in the company of a local expert, taking tourists through beautiful specialty coffee plantations, explaining how the coffee process is from planting, selective manual harvesting, and pulping. After this, we will roast grains of<\/p>\n<p>special coffee in a wood stove in the kitchen of the typical peasant house where we can have an authentic coffee experience. On the tour there are several stations with viewpoints made of bamboo where we can appreciate the beautiful landscape and natural environment of the place while enjoying a cup of coffee. Finally, we go to the innovative process of drying the coffee beans and then to the mill, ending up in the main house where we are fired with a delicious coffee lemonade. Back to the hotel.<br \/>\nDuration: 4 hours<br \/>\nIt includes: Professional tour guide in English and environmental interpretation, private transportation, interactive Coffee process, assistance by expert staff from the farm.<br \/>\nOptional Supplement Lunch: 25 USD per person<\/p>\n<p>Accommodation in a selected hotel<br \/>\nB\/-\/-<\/p>\n<\/div><\/div><div id=\"accordion-911862357\" class=\"accordion-item\"><a id=\"accordion-911862357-label\" href=\"#\" class=\"accordion-title plain\" aria-expanded=\"false\" aria-controls=\"accordion-911862357-content\"><button class=\"toggle\" aria-label=\"Toggle\"><i class=\"icon-angle-down\"><\/i><\/button><span>Day 5 - PEREIRA \u2013 VISIT SALENTO AND C\u00d3CORA VALLEY<\/span><\/a><div id=\"accordion-911862357-content\" class=\"accordion-inner\" aria-labelledby=\"accordion-911862357-label\">\n<p>Breakfast at the hotel. At the agreed time, the tour to the Valle del Cocora will begin, appreciating the beautiful landscape of the place. Once we arrive at the Valley, we will have a welcome cocktail (canelazo) and assistance by a specialized eco guide from Cocora who introduces us to the Cocora Natural Reserve. Walking, transfer to the palm forest where we will be able to appreciate the biodiversity of fauna and flora of the place where we will take the ecological path of the tallest wax palm in the world and national flagship tree where we will do the ritual of the wax palm of Quind\u00edo, which consists of knowing the history of the palm with the highest face in the world and national flagship tree where we will do the ritual of the wax palm of Quind\u00edo, which consists of knowing the history of how the aborigines worshiped this palm. Then the planting of palm seedlings continues. Transfer to the typical town of Salento where we will have a walking tour visiting its colonial streets, artisan workshops and the Cocora viewpoint. Back to the hotel.<br \/>\nDuration: 7 hours approx.<br \/>\nIt includes: Professional tour guide in English and environmental interpretation, private transportation, Ritual of the wax palm tasting Canelazo.<br \/>\nOptional Lunch Supplement: 25 usd per person.<\/p>\n<p>Accommodation in a selected hotel<br \/>\nB\/-\/-<\/p>\n<\/div><\/div><div id=\"accordion-2933805138\" class=\"accordion-item\"><a id=\"accordion-2933805138-label\" href=\"#\" class=\"accordion-title plain\" aria-expanded=\"false\" aria-controls=\"accordion-2933805138-content\"><button class=\"toggle\" aria-label=\"Toggle\"><i class=\"icon-angle-down\"><\/i><\/button><span>Day 6 - PEREIRA \u2013 CARTAGENA \u2013 RUMBA IN CHIVA (SHARED SERVICE)<\/span><\/a><div id=\"accordion-2933805138-content\" class=\"accordion-inner\" aria-labelledby=\"accordion-2933805138-label\">\n<p>Breakfast at the hotel. At the agreed time, transfer to the Mateca\u00f1a International Airport to take a flight (not included) to Cartagena.<br \/>\nSuggested Domestic Flight Itineraries (Not included in the program)<\/p>\n<p>AIRLINE ROUTE DEPARTURE TIME ARRIVAL TIME<br \/>\nAvianca Pereira- Cartagena 12:19 p.m. 1:36 p.m.<\/p>\n<p>Arrival and reception at the Rafael N\u00fa\u00f1ez International Airport, transfer to the hotel for the respective check-in. Accommodation.<\/p>\n<p>At night, at the agreed time, fun panoramic night tour through the festive and joyful city of Cartagena aboard the traditional &#8220;Chivas&#8221; typical buses painted with bright colors.<br \/>\nDuring the tour you will visit some of the main tourist sectors of the city such as Bocagrande, Castillo Grande, Torre del Reloj, Los Pegasos dock, Getseman\u00ed, Manga, Castillo de San Felipe. The tour is carried out with crossover music from the chiva sound system with directed recreation.<\/p>\n<p>During the tour we make a photo stop for 10 minutes in the old shoes, in the castle of San Felipe and Cartagena sign. Then we enjoy for an hour in a nightclub in the city.<br \/>\nWe finish at the accommodation hotel in Bocagrande or Torre del Reloj.<br \/>\nIt includes: Transportation in Chivas (typical colorful buses), entertainer guide, Photo stop (Old boots, Fort San Felipe de Barajas and Cartagena sign), crossover music, entrance to a nightclub<br \/>\nDuration: 1 hour and 30 minutes<br \/>\nDoes not include: Additional consumption and unspecified expenses.<br \/>\nImportant notes:<br \/>\nPick up at downtown and Getsemani hotels between 7:00pm and 7:30pm &#8211; at Bocagrande hotels between 7:30pm and 8:00pm.<br \/>\nPassengers staying in the north sector must pay a transportation supplement<\/p>\n<p>Accommodation in a selected hotel<br \/>\nB\/-\/-<\/p>\n<\/div><\/div><div id=\"accordion-2980585211\" class=\"accordion-item\"><a id=\"accordion-2980585211-label\" href=\"#\" class=\"accordion-title plain\" aria-expanded=\"false\" aria-controls=\"accordion-2980585211-content\"><button class=\"toggle\" aria-label=\"Toggle\"><i class=\"icon-angle-down\"><\/i><\/button><span>Day 7 - CARTAGENA \u2013 CITY TOUR<\/span><\/a><div id=\"accordion-2980585211-content\" class=\"accordion-inner\" aria-labelledby=\"accordion-2980585211-label\">\nBreakfast at the hotel. At the agreed time, start of the panoramic tour in a private transport unit equipped with air conditioning through the residential neighborhoods of Bocagrande, Castillogrande and Manga. Arrival at the Cima de la Popa, where you will have a complete view of the city, guided visit to the convent and church. They will continue to the San Felipe de Barajas Castle, the most important military engineering work of Spain in America and which protected the city from pirate attacks. At the end of this visit, you will return to the hotel along Santander Avenue where you will be able to appreciate the bastions and walls of the historic center; visit the craft center Las B\u00f3vedas.Back to the hotel.<br \/>\nDuration: 4 hours<br \/>\nOperation days: Every day<br \/>\nIt includes: Professional tour guide in English, private transportation, entrance to the mentioned places.<\/p>\n<p>Accommodation in a selected hotel<br \/>\nB\/-\/-<\/p>\n<\/div><\/div><div id=\"accordion-4246564008\" class=\"accordion-item\"><a id=\"accordion-4246564008-label\" href=\"#\" class=\"accordion-title plain\" aria-expanded=\"false\" aria-controls=\"accordion-4246564008-content\"><button class=\"toggle\" aria-label=\"Toggle\"><i class=\"icon-angle-down\"><\/i><\/button><span>Day 8 - CARTAGENA \u2013 ISLA DEL ROSARIO (ISLAND OF CHARM) IN SHARED SERVICE<\/span><\/a><div id=\"accordion-4246564008-content\" class=\"accordion-inner\" aria-labelledby=\"accordion-4246564008-label\">\n<p>Breakfast at the hotel. At the indicated time, assistance at the hotel and transfer to the Bodeguita dock to take a speedboat that will take us to the Rosario Islands (approx. 45 min) appreciating a panoramic view of the Bay of Cartagena and Bocachica during the tour, additional a beautiful landscape with the forts of San Fernando and San Jos\u00e9. Coasting the Island of Bar\u00fa you will arrive at the base Island in the Rosario Islands. to enjoy its crystal-clear waters. There you can dive with a tank or snorkel (additional cost). Free time to enjoy the sea and the facilities. In the afternoon return to Cartagena. Transfer to the hotel.<br \/>\nDuration:8 hours.<br \/>\nOperation days: Every day<br \/>\nIt includes: Tour of the group of Islands, transfer hotel &#8211; pier &#8211; hotel, typical Caribbean lunch<br \/>\nDoes not include: Sailing and Coralia taxes (USD 10 per person), entrance to the Oceanarium (USD 10 per person).<\/p>\n<p>Accommodation in a selected hotel<br \/>\nB\/L\/-<\/p>\n<\/div><\/div><div id=\"accordion-1717822200\" class=\"accordion-item\"><a id=\"accordion-1717822200-label\" href=\"#\" class=\"accordion-title plain\" aria-expanded=\"false\" aria-controls=\"accordion-1717822200-content\"><button class=\"toggle\" aria-label=\"Toggle\"><i class=\"icon-angle-down\"><\/i><\/button><span>Day 9 - CARTAGENA \u2013 NEXT DESTINATION \/ ORIGIN CITY<\/span><\/a><div id=\"accordion-1717822200-content\" class=\"accordion-inner\" aria-labelledby=\"accordion-1717822200-label\">\n<p>Breakfast at the hotel. At the agreed time, transfer to the Rafael N\u00fa\u00f1ez international airport to take a flight (NOT included).to the next destination or city of origin.<br \/>\nB\/-\/-<br \/>\n<\/div><\/div>\n<\/div>\n<p><strong>End of services<\/strong><\/p>\n<p><strong>RATES PER PERSON EXPRESSED IN US DOLLARS.<\/strong><\/p>\n<table width=\"488\">\n<tbody>\n<tr>\n<td width=\"104\"><strong>Category<\/strong><\/td>\n<td width=\"77\"><strong>City<\/strong><\/td>\n<td width=\"171\"><strong>Planned Hotels<\/strong><\/td>\n<td width=\"48\"><strong>SGL<\/strong><\/td>\n<td width=\"48\"><strong>DBL<\/strong><\/td>\n<td width=\"40\"><strong>TPL<\/strong><\/td>\n<\/tr>\n<tr>\n<td rowspan=\"3\" width=\"104\"><strong>Superior Tourist<\/strong><\/td>\n<td width=\"77\">Bogot\u00e1<\/td>\n<td width=\"171\">Radisson Metrotel 74<\/td>\n<td rowspan=\"3\" width=\"48\"><strong>1825<\/strong><\/td>\n<td rowspan=\"3\" width=\"48\"><strong>1005<\/strong><\/td>\n<td rowspan=\"3\" width=\"40\"><strong>905<\/strong><\/td>\n<\/tr>\n<tr>\n<td width=\"77\">Pereira<\/td>\n<td width=\"171\">Sonesta<\/td>\n<\/tr>\n<tr>\n<td width=\"77\">Cartagena<\/td>\n<td width=\"171\">Corales de Indias<\/td>\n<\/tr>\n<tr>\n<td rowspan=\"3\" width=\"104\"><strong>Superior Tourist<\/strong><\/td>\n<td width=\"77\">Bogot\u00e1<\/td>\n<td width=\"171\">Best Western 93<\/td>\n<td rowspan=\"3\" width=\"48\"><strong>1935<\/strong><\/td>\n<td rowspan=\"3\" width=\"48\"><strong>1082<\/strong><\/td>\n<td rowspan=\"3\" width=\"40\"><strong>912<\/strong><\/td>\n<\/tr>\n<tr>\n<td width=\"77\">Pereira<\/td>\n<td width=\"171\">Movich Pereira<\/td>\n<\/tr>\n<tr>\n<td width=\"77\">Cartagena<\/td>\n<td width=\"171\">Dann Cartagena<\/td>\n<\/tr>\n<\/tbody>\n<\/table>\n<p>&nbsp;<\/p>\n","protected":false},"excerpt":{"rendered":"<p>Explore the vibrant capital city of Bogot\u00e1, Colombia with this comprehensive travel itinerary. Discover the historical center, visit renowned museums, and take in panoramic views from Monserrate. Immerse yourself in the local culture and enjoy the city&#8217;s unique attractions and landmarks. Visit Pereira and Cartagena as well.<\/p>\n","protected":false},"featured_media":235,"comment_status":"closed","ping_status":"closed","template":"","meta":[],"product_cat":[18],"product_tag":[],"class_list":["post-234","product","type-product","status-publish","has-post-thumbnail","hentry","product_cat-colombia"],"acf":[],"_links":{"self":[{"href":"https:\/\/ecuadorwonders.com\/tours\/wp-json\/wp\/v2\/product\/234","targetHints":{"allow":["GET"]}}],"collection":[{"href":"https:\/\/ecuadorwonders.com\/tours\/wp-json\/wp\/v2\/product"}],"about":[{"href":"https:\/\/ecuadorwonders.com\/tours\/wp-json\/wp\/v2\/types\/product"}],"replies":[{"embeddable":true,"href":"https:\/\/ecuadorwonders.com\/tours\/wp-json\/wp\/v2\/comments?post=234"}],"wp:featuredmedia":[{"embeddable":true,"href":"https:\/\/ecuadorwonders.com\/tours\/wp-json\/wp\/v2\/media\/235"}],"wp:attachment":[{"href":"https:\/\/ecuadorwonders.com\/tours\/wp-json\/wp\/v2\/media?parent=234"}],"wp:term":[{"taxonomy":"product_cat","embeddable":true,"href":"https:\/\/ecuadorwonders.com\/tours\/wp-json\/wp\/v2\/product_cat?post=234"},{"taxonomy":"product_tag","embeddable":true,"href":"https:\/\/ecuadorwonders.com\/tours\/wp-json\/wp\/v2\/product_tag?post=234"}],"curies":[{"name":"wp","href":"https:\/\/api.w.org\/{rel}","templated":true}]}}