{"id":225,"date":"2023-05-24T16:00:33","date_gmt":"2023-05-24T16:00:33","guid":{"rendered":"https:\/\/ecuadorwonders.com\/tours\/?post_type=product&#038;p=225"},"modified":"2023-06-12T09:38:19","modified_gmt":"2023-06-12T09:38:19","slug":"colombian-caribbean-cartagena-barranquilla-and-santa-marta-07-nights-08-days","status":"publish","type":"product","link":"https:\/\/ecuadorwonders.com\/tours\/producto\/colombian-caribbean-cartagena-barranquilla-and-santa-marta-07-nights-08-days\/","title":{"rendered":"COLOMBIAN CARIBBEAN. CARTAGENA, BARRANQUILLA AND SANTA MARTA. 8d\/7n"},"content":{"rendered":"<div class=\"accordion\">\n<div id=\"accordion-3443403807\" class=\"accordion-item\"><a id=\"accordion-3443403807-label\" href=\"#\" class=\"accordion-title plain\" aria-expanded=\"false\" aria-controls=\"accordion-3443403807-content\"><button class=\"toggle\" aria-label=\"Toggle\"><i class=\"icon-angle-down\"><\/i><\/button><span>Day 01 - CARTAGENA \u2013 SUNSET BY THE BAY<\/span><\/a><div id=\"accordion-3443403807-content\" class=\"accordion-inner\" aria-labelledby=\"accordion-3443403807-label\">\n<p>Arrival in the city of Cartagena, assistance at the Rafael N\u00fa\u00f1ez International Airport and transfer to<br \/>\nthe hotel for the respective check-in. Accommodation.<\/p>\n<p>In the afternoon, assistance at the hotel to transfer to the dock for a tour of the bay of Cartagena De<br \/>\nIndias to appreciate the sunset. At the end, return to the hotel. Accommodation.<br \/>\nDuration:90min minutes<br \/>\nIncludes:Transfer hotel \u2013 dock \u2013 hotel, Cuba Libre open bar, rum punch, lemonade, water and soda.<br \/>\nDoes not include:Premium drinks and snacks on board (additional charge), dock tax USD 5 per<br \/>\nperson.<br \/>\nOperation days: Wednesday to Monday<br \/>\nAccommodation in a selected hotel<br \/>\n-\/-\/-<\/p>\n<\/div><\/div>\n<div id=\"accordion-1877933693\" class=\"accordion-item\"><a id=\"accordion-1877933693-label\" href=\"#\" class=\"accordion-title plain\" aria-expanded=\"false\" aria-controls=\"accordion-1877933693-content\"><button class=\"toggle\" aria-label=\"Toggle\"><i class=\"icon-angle-down\"><\/i><\/button><span>Day 02 - CARTAGENA\u2013CITY TOUR<\/span><\/a><div id=\"accordion-1877933693-content\" class=\"accordion-inner\" aria-labelledby=\"accordion-1877933693-label\">\n<p>Breakfast at the hotel.At the agreed time, start of the panoramic tour in a private transport unit<br \/>\nequipped with air conditioning through the residential neighborhoods of Bocagrande, Castillogrande<br \/>\nand Manga. Arrival at the Cima de la Popa, where you will have a complete view of the city, guided<br \/>\nvisit to the convent and church. They will continue to the San Felipe de Barajas Castle, the most<br \/>\nimportant military engineering work of Spain in America and which protected the city from pirate<br \/>\nattacks. At the end of this visit, you will return to the hotel along Santander Avenue where you will be<br \/>\nable to appreciate the bastions and walls of the historic center; visit the craft center Las B\u00f3vedas.Back<br \/>\nto the hotel. Accommodation.<br \/>\nDuration:4 hours<br \/>\nOperation days:Every day<br \/>\nIncludes: Professional tour guide in English, private transportation, entrance to the mentioned<br \/>\nplaces.<\/p>\n<p>Accommodation in a selected hotel<br \/>\nB\/-\/-<\/p>\n<\/div><\/div>\n<div id=\"accordion-2443274285\" class=\"accordion-item\"><a id=\"accordion-2443274285-label\" href=\"#\" class=\"accordion-title plain\" aria-expanded=\"false\" aria-controls=\"accordion-2443274285-content\"><button class=\"toggle\" aria-label=\"Toggle\"><i class=\"icon-angle-down\"><\/i><\/button><span>Day 03 - CARTAGENA \u2013 ISLA DEL ROSARIO (ISLAND OF CHARM) IN SHARED SERVICE<\/span><\/a><div id=\"accordion-2443274285-content\" class=\"accordion-inner\" aria-labelledby=\"accordion-2443274285-label\">\n<p>Breakfast at the hotel.At the indicated time, assistance at the hotel and transfer to the Bodeguita<br \/>\ndock to take a speedboat that will take us to the Rosario Islands (approx. 45 min) appreciating a<br \/>\npanoramic view of the Bay of Cartagena and Bocachica during the tour, additional a beautiful<br \/>\nlandscape with the forts of San Fernando and San Jos\u00e9. Coasting the Island of Bar\u00fa you will arrive<br \/>\nat the base Island in the Rosario Islands. to enjoy its crystal clear waters. There you can dive with a<br \/>\ntank or snorkel (additional cost). Free time to enjoy the sea and the facilities. In the afternoon I return<br \/>\nto Cartagena. Transfer to the hotel. Accommodation.<br \/>\nDuration:8 hours.<br \/>\nOperation days:Every day<br \/>\nIncludes:Tour of the group of Islands, transfer hotel &#8211; pier &#8211; hotel, typical Caribbean lunch<br \/>\nDoes not include: Sailing and Coralia taxes (USD 10 per person), entrance to the Oceanarium (USD<br \/>\n10 per person).<\/p>\n<p>Accommodation in a selected hotel<br \/>\nB\/L\/-<\/p>\n<\/div><\/div>\n<div id=\"accordion-1542716180\" class=\"accordion-item\"><a id=\"accordion-1542716180-label\" href=\"#\" class=\"accordion-title plain\" aria-expanded=\"false\" aria-controls=\"accordion-1542716180-content\"><button class=\"toggle\" aria-label=\"Toggle\"><i class=\"icon-angle-down\"><\/i><\/button><span>Day 04 - CARTAGENA \u2013 BARRANQUILLA\u2013CITY TOUR<\/span><\/a><div id=\"accordion-1542716180-content\" class=\"accordion-inner\" aria-labelledby=\"accordion-1542716180-label\">\n<p>Breakfast at the hotel.At the agreed time, land transfer to the city of Barranquilla. Arrival and check<br \/>\nin at the hotel.<br \/>\nDuration approx:2 hours and \u00bd<\/p>\n<p>At the agreed time, start of the tour of the emblematic sites of the city, among them we will find the El<br \/>\nPrado neighborhood, Fundadores de la Aviaci\u00f3n Park, Metropolitan Cathedral, Carnival Museum,<br \/>\n&#8220;Edgar Renter\u00eda&#8221; Stadium, Old Customs Building, Montoya station, Tram Station, Plaza de las<br \/>\nMariposas, &#8220;The Shark&#8217;s Fin&#8221;, Swing Bridge, Old River Administration, Par Vial Cra. 50 (Graffiti),<br \/>\nMalec\u00f3n Puerta de Oro and The Window to the World. Transfer to the hotel. Accommodation.<br \/>\nDuration:4 hours<br \/>\nIncludes:Private transportation, professional tour guide in English, entrance to the Carnival Museum.<\/p>\n<p>Accommodation in a selected hotel<br \/>\nB\/-\/-<\/p>\n<\/div><\/div>\n<div id=\"accordion-3757819937\" class=\"accordion-item\"><a id=\"accordion-3757819937-label\" href=\"#\" class=\"accordion-title plain\" aria-expanded=\"false\" aria-controls=\"accordion-3757819937-content\"><button class=\"toggle\" aria-label=\"Toggle\"><i class=\"icon-angle-down\"><\/i><\/button><span>Day 5 - BARRANQUILLA \u2013GABO'S FOOTPRINTS IN BARRANQUILLA<\/span><\/a><div id=\"accordion-3757819937-content\" class=\"accordion-inner\" aria-labelledby=\"accordion-3757819937-label\">\n<p>Breakfast at the hotel.At the agreed time we will start a tour of the emblematic places in the life of<br \/>\n&#8220;Gabo in the city of Barranquilla, among these we will visit; Plaza de las Mariposas amarillas, Old<br \/>\nRiver Administration Building, Caribbean Museum, Old New York Residences Building, Old El<br \/>\nHeraldo Newspaper Headquarters, San Blas Street, American Ice Cream Parlor, School<br \/>\nSan Jos\u00e9, La Tiendecita, La Cueva Restaurant, Our Lady of Perpetual Help Church, Casa de las<br \/>\nD\u00e1vila Hotel, Cepeda Zamudio House, La Perla, Cartagena de Indias School, Garc\u00eda M\u00e1rquez<br \/>\nGrandparents House, Tokio Warehouse, Grandparents House of \u00c1lvaro Cepeda Zamudio and we<br \/>\nreturn to the Restaurant &#8220;La Cueva&#8221; Cultural Heritage of the Nation. Back to the hotel.<br \/>\nAccommodation.<br \/>\nDuration:4 hours<br \/>\nIncludes:Private transportation, professional tour guide in English and lunch.<\/p>\n<p>Accommodation in a selected hotel<br \/>\nB\/L\/-<\/p>\n<\/div><\/div>\n<div id=\"accordion-290926616\" class=\"accordion-item\"><a id=\"accordion-290926616-label\" href=\"#\" class=\"accordion-title plain\" aria-expanded=\"false\" aria-controls=\"accordion-290926616-content\"><button class=\"toggle\" aria-label=\"Toggle\"><i class=\"icon-angle-down\"><\/i><\/button><span>Day 6 - BARRANQUILLA \u2013 SANTA MARTA \u2013 CITY TOUR<\/span><\/a><div id=\"accordion-290926616-content\" class=\"accordion-inner\" aria-labelledby=\"accordion-290926616-label\">\n<p>Breakfast at the hotel.At the agreed time, it will be carried out by land to the City of Santa Marta.<br \/>\nArrival and check in at the hotel.<br \/>\nDuration approx:2 hours and \u00bd<\/p>\n<p>At the agreed time the tour will begin, passing through the historic center and visiting the most<br \/>\nrepresentative attractions of the city such as the Cathedral Basilica of Santa Marta, the oldest<br \/>\ncathedral in Colombia and where the remains of the founder of the city are located. Rodrigo<br \/>\ndeBastidas.<br \/>\nYou will also visit the Gold Museum or Customs House, the San Pedro Alejandrino House Museum,<br \/>\na sugar mill building from the time where the Liberator Sim\u00f3n Bol\u00edvar spent his last days. Then we<br \/>\nwill visit the statue in honor of the Colombian soccer player El Pibe Valderrama. Free time to take<br \/>\npictures and we will continue with a panoramic tour of Taganga or the El Rodadero sector (only one<br \/>\nat the passenger&#8217;s choice). Transfer to the hotel. Accommodation.<br \/>\nDuration: 4 hours<br \/>\nIncludes: Private transportation, professional tour guide in English, entrance fees to the mentioned<br \/>\ntourist sites.<\/p>\n<p>Accommodation in a selected hotel<br \/>\nB\/-\/-<\/p>\n<\/div><\/div>\n<div id=\"accordion-2609959996\" class=\"accordion-item\"><a id=\"accordion-2609959996-label\" href=\"#\" class=\"accordion-title plain\" aria-expanded=\"false\" aria-controls=\"accordion-2609959996-content\"><button class=\"toggle\" aria-label=\"Toggle\"><i class=\"icon-angle-down\"><\/i><\/button><span>Day 07 - SANTA MARTA\u2013 CABO SAN JUAN FROM THE GUIDE<\/span><\/a><div id=\"accordion-2609959996-content\" class=\"accordion-inner\" aria-labelledby=\"accordion-2609959996-label\">\n<p>Breakfast at the hotel.At the indicated time, assistance at the hotel and departure to the Tayrona<br \/>\nPNN located 45 minutes from Santa Marta, a nature sanctuary with fascinating biodiversity, beaches<br \/>\nand indigenous cultures. After passing through the Ca\u00f1averal sector, we will begin our walk (approx.<br \/>\n1 hour) along the ecological trail until we reach the Arrecifes sector, a small stop to admire the<br \/>\nlandscape and take pictures. We continue to the beaches of Cabo San Juan with the walking guide<br \/>\n(30 min approx) to take a delicious bath in the sea. Free time for lunch (included). The return will be<br \/>\nmade walking along the same path to the main entrance of the Park. Back to the hotel.<br \/>\nAccommodation<br \/>\nDuration: 10 hours,<br \/>\nIncludes: Private transportation, professional tour guide in English, entrance to the Tayrona PNN<br \/>\nand typical lunch of the region.<\/p>\n<p>Accommodation in a selected hotel<br \/>\nB\/L\/-<\/p>\n<\/div><\/div>\n<div id=\"accordion-2499268264\" class=\"accordion-item\"><a id=\"accordion-2499268264-label\" href=\"#\" class=\"accordion-title plain\" aria-expanded=\"false\" aria-controls=\"accordion-2499268264-content\"><button class=\"toggle\" aria-label=\"Toggle\"><i class=\"icon-angle-down\"><\/i><\/button><span>Day 08 - SANTA MARTA\u2013 NEXT DESTINATION \/ ORIGIN CITY<\/span><\/a><div id=\"accordion-2499268264-content\" class=\"accordion-inner\" aria-labelledby=\"accordion-2499268264-label\">\n<p>Breakfast at the hotel. At the agreed time, transfer to the Sim\u00f3n Bol\u00edvar International Airport to take<br \/>\na flight (not included) to the next destination.<\/p>\n<\/div><\/div>\n<\/div>\n<p><strong>End of services.<\/strong><\/p>\n<p><strong>RATES PER PERSON EXPRESSED IN US DOLLARS<\/strong><\/p>\n<table>\n<tbody>\n<tr>\n<td width=\"95\"><strong><em>City <\/em><\/strong><\/td>\n<td width=\"95\"><strong><em>Planned Hotel <\/em><\/strong><\/td>\n<td width=\"58\"><strong><em>Single<\/em><\/strong><\/td>\n<td width=\"63\"><strong><em>Double <\/em><\/strong><\/td>\n<td width=\"54\"><strong><em>Triple <\/em><\/strong><\/td>\n<\/tr>\n<tr>\n<td width=\"95\"><strong><em>Cartagena <\/em><\/strong><\/td>\n<td width=\"95\"><strong><em>Corales de Indias<\/em><\/strong><\/td>\n<td rowspan=\"3\" width=\"58\"><strong><em>1<\/em><\/strong><strong><em>982<\/em><\/strong><strong><em>\u00a0 <\/em><\/strong><\/td>\n<td rowspan=\"3\" width=\"63\"><strong><em>1160<\/em><\/strong><\/td>\n<td rowspan=\"3\" width=\"54\"><strong><em>953<\/em><\/strong><\/td>\n<\/tr>\n<tr>\n<td width=\"95\"><strong><em>Barranquilla <\/em><\/strong><\/td>\n<td width=\"95\"><strong><em>BH Barranquilla <\/em><\/strong><\/td>\n<\/tr>\n<tr>\n<td width=\"95\"><strong><em>Santa Marta <\/em><\/strong><\/td>\n<td width=\"95\"><strong><em>Hotel Cathedral Plaza <\/em><\/strong><\/td>\n<\/tr>\n<tr>\n<td width=\"95\"><strong><em>Cartagena <\/em><\/strong><\/td>\n<td width=\"95\"><strong><em>Dann Cartagena<\/em><\/strong><\/td>\n<td rowspan=\"3\" width=\"58\"><strong><em>2082 <\/em><\/strong><\/td>\n<td rowspan=\"3\" width=\"63\"><strong><em>1230\u00a0 <\/em><\/strong><\/td>\n<td rowspan=\"3\" width=\"54\"><strong><em>1000\u00a0 <\/em><\/strong><\/td>\n<\/tr>\n<tr>\n<td width=\"95\"><strong><em>Barranquilla <\/em><\/strong><\/td>\n<td width=\"95\"><strong><em>Radisson Diamond <\/em><\/strong><\/td>\n<\/tr>\n<tr>\n<td width=\"95\"><strong><em>Santa Marta <\/em><\/strong><\/td>\n<td width=\"95\"><strong><em>Best Western <\/em><\/strong><\/td>\n<\/tr>\n<\/tbody>\n<\/table>\n<p>\u00a0<\/p>\n","protected":false},"excerpt":{"rendered":"<p>Immerse yourself in the vibrant coastal cities of Cartagena, Barranquilla, and Santa Marta on this 7-night journey through the Colombian Caribbean. Experience the magic of Cartagena&#8217;s historic streets, witness stunning sunsets over the bay, explore Barranquilla&#8217;s cultural landmarks, and discover the natural beauty of Santa Marta. Indulge in the region&#8217;s rich history, enjoy local cuisine, and relax on pristine beaches. This adventure promises an unforgettable experience in the heart of the Colombian Caribbean.<\/p>\n","protected":false},"featured_media":227,"comment_status":"closed","ping_status":"closed","template":"","meta":[],"product_cat":[18],"product_tag":[],"class_list":["post-225","product","type-product","status-publish","has-post-thumbnail","hentry","product_cat-colombia"],"acf":[],"_links":{"self":[{"href":"https:\/\/ecuadorwonders.com\/tours\/wp-json\/wp\/v2\/product\/225","targetHints":{"allow":["GET"]}}],"collection":[{"href":"https:\/\/ecuadorwonders.com\/tours\/wp-json\/wp\/v2\/product"}],"about":[{"href":"https:\/\/ecuadorwonders.com\/tours\/wp-json\/wp\/v2\/types\/product"}],"replies":[{"embeddable":true,"href":"https:\/\/ecuadorwonders.com\/tours\/wp-json\/wp\/v2\/comments?post=225"}],"wp:featuredmedia":[{"embeddable":true,"href":"https:\/\/ecuadorwonders.com\/tours\/wp-json\/wp\/v2\/media\/227"}],"wp:attachment":[{"href":"https:\/\/ecuadorwonders.com\/tours\/wp-json\/wp\/v2\/media?parent=225"}],"wp:term":[{"taxonomy":"product_cat","embeddable":true,"href":"https:\/\/ecuadorwonders.com\/tours\/wp-json\/wp\/v2\/product_cat?post=225"},{"taxonomy":"product_tag","embeddable":true,"href":"https:\/\/ecuadorwonders.com\/tours\/wp-json\/wp\/v2\/product_tag?post=225"}],"curies":[{"name":"wp","href":"https:\/\/api.w.org\/{rel}","templated":true}]}}