{"id":203,"date":"2023-05-24T15:12:22","date_gmt":"2023-05-24T15:12:22","guid":{"rendered":"https:\/\/ecuadorwonders.com\/tours\/?post_type=product&#038;p=203"},"modified":"2023-06-12T14:40:44","modified_gmt":"2023-06-12T14:40:44","slug":"bogota-pereira-medellin-cartagena","status":"publish","type":"product","link":"https:\/\/ecuadorwonders.com\/tours\/producto\/bogota-pereira-medellin-cartagena\/","title":{"rendered":"BOGOT\u00c1 &#8211; PEREIRA &#8211; MEDELL\u00cdN &#8211; CARTAGENA 11d\/10n"},"content":{"rendered":"<div class=\"accordion\">\n<div id=\"accordion-2853995659\" class=\"accordion-item\"><a id=\"accordion-2853995659-label\" href=\"#\" class=\"accordion-title plain\" aria-expanded=\"false\" aria-controls=\"accordion-2853995659-content\"><button class=\"toggle\" aria-label=\"Toggle\"><i class=\"icon-angle-down\"><\/i><\/button><span>DAY 1 - ARRIVAL IN BOGOT\u00c1<\/span><\/a><div id=\"accordion-2853995659-content\" class=\"accordion-inner\" aria-labelledby=\"accordion-2853995659-label\">\n<p>English-speaking guide included<br \/>Private transfer<br \/>Accommodation: Hotel BH BICENTENRAIO 4* OR SIMILAR- SUPERIOR ROOM<br \/>-\/-\/-<\/p>\n<\/div><\/div>\n<div id=\"accordion-4121555213\" class=\"accordion-item\"><a id=\"accordion-4121555213-label\" href=\"#\" class=\"accordion-title plain\" aria-expanded=\"false\" aria-controls=\"accordion-4121555213-content\"><button class=\"toggle\" aria-label=\"Toggle\"><i class=\"icon-angle-down\"><\/i><\/button><span>DAY 2 - BOGOT\u00c1<\/span><\/a><div id=\"accordion-4121555213-content\" class=\"accordion-inner\" aria-labelledby=\"accordion-4121555213-label\">\n<p>Breakfast at hotel<br \/>FD 8 hours &#8211; Tour Bogot\u00e1 (La Candelaria + Gold Museum + Botero Museum + Monserrate Hill)<br \/>To walk through the cobbled streets of downtown Bogota is to be a spectator of a space where architecture,<br \/>art and culture come together to tell the story of the place where the city was born. Bolivar Square, The Congress, The Cathedral, the Palace of Justice, the Mayor\u2019s Office (Palacio Lievano) and the House of the 20th of July all stand tall despite time, keeping safely among their walls tales and stories of the society that built them up. At the end of the day, go up Monserrate Hill to enjoy the view. Elevated 3,152 meters (10,341 feet) above sea level, Monserrate has become part of the history of the capital, thanks to the large flow of<br \/>Colombian and foreign visitors, who come for Catholic beliefs or for the beautiful landscape that it allows you to enjoy. Learn how this place became one of the most representative ones in the city and how its history goes back to pre-Hispanic times.<br \/>Cable car or funicular Monserrate ticket included<br \/>Gold Museum entrance ticket included<\/p>\n<p>Accommodation: Hotel BH BICENTENRAIO 4* OR SIMILAR- SUPERIOR ROOM<br \/>B\/-\/-<\/p>\n<\/div><\/div>\n<div id=\"accordion-3264731216\" class=\"accordion-item\"><a id=\"accordion-3264731216-label\" href=\"#\" class=\"accordion-title plain\" aria-expanded=\"false\" aria-controls=\"accordion-3264731216-content\"><button class=\"toggle\" aria-label=\"Toggle\"><i class=\"icon-angle-down\"><\/i><\/button><span>DAY 3 - BOGOT\u00c1 \u2013 ZIPAQUIRA - BOGOTA<\/span><\/a><div id=\"accordion-3264731216-content\" class=\"accordion-inner\" aria-labelledby=\"accordion-3264731216-label\">\n<p>Breakfast at hotel<br \/>Drive to the town of Zipaquira, for visit the wonderful Salt Cathedral. Half-day tour.<br \/>Zipaquir\u00e1 Salt Cathedral: Zipaquir\u00e1, located 30 miles from Bogot\u00e1 (Approximately 1:00 hr trip), is one of the most important tourist destinations in Colombia. It is an extraordinary monument and it is unique in the world, The Salt Cathedral, known as the First Wonder of Colombia and the Second Most Impressive Place of Worship of the Planet. The Salt Cathedral is an architectural, religious and cultural jewel. It\u2019s unique and majestic, it manages to captivate hundreds of thousands of visitors making them live a unique experience with visual effects, salt and a mystical feel in its environment. A place that you cannot miss.<br \/>Salt Cathedral entrance ticket included<\/p>\n<p>Accommodation: Hotel BH BICENTENRAIO 4* OR SIMILAR- SUPERIOR ROOM<br \/>B\/-\/-<\/p>\n<\/div><\/div>\n<div id=\"accordion-3117508468\" class=\"accordion-item\"><a id=\"accordion-3117508468-label\" href=\"#\" class=\"accordion-title plain\" aria-expanded=\"false\" aria-controls=\"accordion-3117508468-content\"><button class=\"toggle\" aria-label=\"Toggle\"><i class=\"icon-angle-down\"><\/i><\/button><span>DAY 4 - BOGOTA-PEREIRA<\/span><\/a><div id=\"accordion-3117508468-content\" class=\"accordion-inner\" aria-labelledby=\"accordion-3117508468-label\">\n<p>Breakfast at hotel<br \/>Bogot\u00e1 Transfer out BOG airport for flight to Pereira<br \/>English-speaking guide included<br \/>FLIGHT NOT INCLUDED<br \/>Pereira Private transfer includes transfer to El Ocaso<\/p>\n<p>Transfer to Finca El Ocaso in Jeep included<br \/>After arriving in Pereira we will board the jeeps with which we will travel to Finca el Ocaso, where we will learn how to grow, harvest, process and prepare coffee. We will also have the opportunity to taste a good quality coffee, elaborated by Colombian specialists.<br \/>After this tour we will be transferred to the Sazagua Hotel for lodging.<br \/>Included: Coffe experience Finca El Ocaso + transfers + English speaking guide<br \/>Transfer to hotel included<\/p>\n<p>Accommodation: Sazagua Hotel 4* OR SIMILAR \u2013 STD<br \/>B\/-\/-<\/p>\n<\/div><\/div>\n<div id=\"accordion-2896485134\" class=\"accordion-item\"><a id=\"accordion-2896485134-label\" href=\"#\" class=\"accordion-title plain\" aria-expanded=\"false\" aria-controls=\"accordion-2896485134-content\"><button class=\"toggle\" aria-label=\"Toggle\"><i class=\"icon-angle-down\"><\/i><\/button><span>DAY 5 - PEREIRA<\/span><\/a><div id=\"accordion-2896485134-content\" class=\"accordion-inner\" aria-labelledby=\"accordion-2896485134-label\">\n<p>Breakfast at hotel<br \/>Pereira Transfers<br \/>English-speaking guide included<br \/>On this day we will visit the Cocora National Park, where we will see the national trees, the famous wax palms, the tallest palms in the world, which can reach up to 60 m, a walk among these special palms, often wrapped in waves of fog, give a mystical air to the valley, will be an unforgettable experience. Located in the central highlands, the park covers more than 590 km\u00b2, and the specific climate of the cloud forest is favorable for the development of a wide biodiversity. Numerous species of flora and fauna are found in the<br \/>area of the park, also called Los Nevados National Park, some of them endemic, such as the wax palm, the yellow-eared parrot, the sloth, the mountain tapir, the guan bird or the hummingbird. Then we will head to the beautiful town of Salento, specific of the coffee region, which has preserved much of its ancient charm, where we can admire the colorful traditional architecture, called bahareque, which blends harmoniously with the relaxed lifestyle of the locals.<br \/>We will have the opportunity to buy souvenirs and learn details about the Camino Real.<\/p>\n<p>Included: Transfers + English speaking guide + Entrance fees National Park + lunch at Rest. Laurita Campestre with 1 soft drink)<br \/>Accommodation: Sazagua Hotel 4* OR SIMILAR \u2013 STD\u00a0<br \/>B\/L\/-<\/p>\n<\/div><\/div>\n<div id=\"accordion-1334790180\" class=\"accordion-item\"><a id=\"accordion-1334790180-label\" href=\"#\" class=\"accordion-title plain\" aria-expanded=\"false\" aria-controls=\"accordion-1334790180-content\"><button class=\"toggle\" aria-label=\"Toggle\"><i class=\"icon-angle-down\"><\/i><\/button><span>DAY 6 - PEREIRA-MEDELLIN<\/span><\/a><div id=\"accordion-1334790180-content\" class=\"accordion-inner\" aria-labelledby=\"accordion-1334790180-label\">\n<p>Breakfast at hotel<br \/>Pereira Transfer out PEI airport for flight to MDE<br \/>FLIGHT INCLUDED PEI &#8211; MED<br \/>Medellin Transfer IN from airport<br \/>English-speaking guide included<\/p>\n<p>2:30 pm City Tour<br \/>Medell\u00edn is the second largest city in the country, capital of the Antioquia region, university, economic, commercial and social center.<br \/>We will take a panoramic tour of the city, which will include the most important tourist attractions, such as Bolivar Park, the Metropolitan Cathedral, Candelaria Basilica, Lido Theater, Botero Square, where a series of sculptures by the famous artist Fernando Botero are exhibited, the Palace of Culture, the City Hall and the Palace of Justice. We will visit El Pueblito Paisa, a miniature city typical of the region of Antioquia, located in the center of the city, on a hill, from where we will have a beautiful view over the central area of<br \/>Medellin, after which we will go to Comuna 13, considered in the past the most dangerous neighborhood of the city, eloquent example of the social transformations of recent years. Today, this neighborhood that bore the &#8220;footprint&#8221; of the feared trafficker Pablo Escobar, who is said to have stopped here, has become a real tourist attraction, especially for the street graffiti executed by local artists.<br \/>And to see how the city&#8217;s infrastructure has developed, we will take a ride on a gondola that is part of the Metro Cable public transportation system.<\/p>\n<p>Included: Transfers + English speaking guide + Tour + visits to El Pueblito Paisa and Comuna 13 + cable car ride<br \/>Accommodation: BH POBLADO 4* &#8211; STD\u00a0<br \/>B\/-\/-<\/p>\n<\/div><\/div>\n<div id=\"accordion-2528221502\" class=\"accordion-item\"><a id=\"accordion-2528221502-label\" href=\"#\" class=\"accordion-title plain\" aria-expanded=\"false\" aria-controls=\"accordion-2528221502-content\"><button class=\"toggle\" aria-label=\"Toggle\"><i class=\"icon-angle-down\"><\/i><\/button><span>DAY 7 - MEDELLIN<\/span><\/a><div id=\"accordion-2528221502-content\" class=\"accordion-inner\" aria-labelledby=\"accordion-2528221502-label\">\n<p>Breakfast at hotel<\/p>\n<p>Guatap\u00e9<br \/>On this day we will make a trip to Guatape and Piedra de Penol. We will arrive at one of the most spectacular destinations near the big city of Medellin. It is a 200 m high monolith, millions of years old, which can be reached by climbing 740 steps, from where we will enjoy an extraordinary view of the lake &#8211; Guatape reservoir and lagoons in the area. Continuing the day, we will head to Guatap\u00e9, to explore with the local guide the unique colonial town, with its colorfully painted houses and narrow cobblestone streets. Return to Medell\u00edn.<br \/>Included: Transfers + English speaking guide + tour<br \/>Accommodation: BH POBLADO 4* &#8211; STD\u00a0<br \/>B\/-\/-<\/p>\n<\/div><\/div>\n<div id=\"accordion-3857344535\" class=\"accordion-item\"><a id=\"accordion-3857344535-label\" href=\"#\" class=\"accordion-title plain\" aria-expanded=\"false\" aria-controls=\"accordion-3857344535-content\"><button class=\"toggle\" aria-label=\"Toggle\"><i class=\"icon-angle-down\"><\/i><\/button><span>DAY 8- MEDELLIN-CARTAGENA<\/span><\/a><div id=\"accordion-3857344535-content\" class=\"accordion-inner\" aria-labelledby=\"accordion-3857344535-label\">\n<p>Breakfast at hotel<br \/>Medellin Transfer out MDE airport for flight to CTG<br \/>FLIGHT NOT INCLUDED<br \/>Cartagena Transfer IN from airport CTG<br \/>English-speaking guide included<br \/>Accommodation: Hotel HOLIDAY INN CARTAGENA -STD\u00a0<br \/>B\/-\/-<\/p>\n<\/div><\/div>\n<div id=\"accordion-688044892\" class=\"accordion-item\"><a id=\"accordion-688044892-label\" href=\"#\" class=\"accordion-title plain\" aria-expanded=\"false\" aria-controls=\"accordion-688044892-content\"><button class=\"toggle\" aria-label=\"Toggle\"><i class=\"icon-angle-down\"><\/i><\/button><span>DAY 9 - CARTAGENA<\/span><\/a><div id=\"accordion-688044892-content\" class=\"accordion-inner\" aria-labelledby=\"accordion-688044892-label\">\n<p>Breakfast at hotel<br \/>HD 4 hr &#8211; City Tour Cartagena with English-speaking guide:<br \/>Our City Tour will start with the transfer from the city center to the La Popa Convent. From the convent, that is located on a 150m high hill (highest point of Cartagena) you will have a great view over the whole city. From there, we will proceed to the biggest fort which the Spaniards ever built in South America \u2013 the San Felipe de Barajas Fortress. We will visit the whole fort including some of its tunnels, as well as the statue of Don Blas de Lezo.<br \/>After this, we will go back to the city center and visit the most important sights with the walled city, such as the official entrance to the walled city: the Clock Tower (Torre del Reloj). Behind it, we will find the monument of Don Pedro de Heredia, the founder of Cartagena de Indias (1533). The guide will tell us about the story of Cartagena\u2019s foundation and will also share interesting stories full of legends and pirates. Included: Guide 4 hours + Private Transportation + Walk along the Old City + Entrance tickets: Castillo<br \/>San Felipe and Popa Convent.<br \/>Accommodation: Hotel HOLIDAY INN CARTAGENA -STD\u00a0<br \/>B\/-\/-<\/p>\n<\/div><\/div>\n<div id=\"accordion-2628200105\" class=\"accordion-item\"><a id=\"accordion-2628200105-label\" href=\"#\" class=\"accordion-title plain\" aria-expanded=\"false\" aria-controls=\"accordion-2628200105-content\"><button class=\"toggle\" aria-label=\"Toggle\"><i class=\"icon-angle-down\"><\/i><\/button><span>DAY 10 - CARTAGENA<\/span><\/a><div id=\"accordion-2628200105-content\" class=\"accordion-inner\" aria-labelledby=\"accordion-2628200105-label\">\n<p>Breakfast at hotel<br \/>Cartagena Round transfer with guide &#8211; Hotel \/ Dock \/Hotel<br \/>FD 8 hr \u2013 REGULAR Day Trip to Rosario Island:<br \/>At 8 am in the morning, together with a Spanish-speaking tour guide, we will leave the touristic port of Cartagena by speed boat to start our day trip to the Islas Rosarios. The archipelago Nuestra Se\u00f1ora del Rosario, known as the Islands of Rosario, consists of 28 small islands, which are located about 40 km southwest of Cartagena de Indias in the Caribbean Sea. The journey takes about one hour. Islabela is a great place on Isla Grande \u2013 Rosario Island, located in the heart of the Archipielago of Nuestra Se\u00f1ora del Rosario, the perfect place to relax and enjoy a unforgettable and calm day. The excellent facilities are ideal to have meals, just relax and\/or go for a swim \u2013 a selected location with gorgeous sandy beach and turquoise water. Sun beds are awaiting you on the beach and if you prefer a little bit more action, you can take one of the kayaks to explore the surroundings.<br \/>Return: 4pm.<br \/>INCLUDED: Transfer Hotel\/Pier\/Hotel + Transfer from the port Muelle de la Bodeguita to Islabela and back to Cartagena + Welcome cocktail (non-alcoholic) + Beach-service (Sun beds, towels, showers and sun shades, volleyball net, kayaks, snorkel) + Lunch (soup, fish or chicken with coconut rice, fried plantain and salad) with one drink (fruit juice) + harbor taxes + English speaking guide during the tour.<br \/>Accommodation: Hotel HOLIDAY INN CARTAGENA -STD\u00a0<br \/>B\/L\/-<\/p>\n<\/div><\/div>\n<div id=\"accordion-2049302126\" class=\"accordion-item\"><a id=\"accordion-2049302126-label\" href=\"#\" class=\"accordion-title plain\" aria-expanded=\"false\" aria-controls=\"accordion-2049302126-content\"><button class=\"toggle\" aria-label=\"Toggle\"><i class=\"icon-angle-down\"><\/i><\/button><span>DAY 11 - CARTAGENA OUT<\/span><\/a><div id=\"accordion-2049302126-content\" class=\"accordion-inner\" aria-labelledby=\"accordion-2049302126-label\">\n<p>Breakfast at hotel<br \/>\nCartagena Transfer out CTG airport for flight to Amsterdam<br \/>\nFLIGHT NOT INCLUDED<br \/>\nB\/-\/-<\/p>\n<\/div><\/div>\n<\/div>\n<h3>END OF SERVICES.<\/h3>\n<table>\n<tbody>\n<tr>\n<td width=\"312\">\n<p style=\"text-align: center;\"><strong>RATES IN US $ PER PERSON<\/strong><\/p>\n<\/td>\n<td style=\"text-align: center;\" colspan=\"3\" width=\"150\">\u00a0<\/td>\n<\/tr>\n<tr>\n<td width=\"312\">\n<p style=\"text-align: center;\">1-3 pax<\/p>\n<\/td>\n<td width=\"55\">\n<p style=\"text-align: center;\">SNGL<\/p>\n<\/td>\n<td style=\"text-align: center;\" width=\"48\">DBL<\/td>\n<td style=\"text-align: center;\" width=\"47\">TRPL<\/td>\n<\/tr>\n<tr>\n<td style=\"text-align: center;\" width=\"312\">Colombia 11d\/10n<\/td>\n<td style=\"text-align: center;\" width=\"55\"><strong>3041<\/strong><\/td>\n<td style=\"text-align: center;\" width=\"48\"><strong>1830<\/strong><\/td>\n<td width=\"47\">\n<p style=\"text-align: center;\"><strong>1830<\/strong><\/p>\n<\/td>\n<\/tr>\n<\/tbody>\n<\/table>\n<ul>\n<li>Cost of SNGL \u2013 if there is 1 person traveling.<\/li>\n<\/ul>\n<p><strong><br \/>NOTE: RATES AND ITINERARY subject to change without prior notice<\/strong><\/p>\n<p>*THESE RATES ARE ONLY VALID DURING THE LOW SEASON.<br \/>RATES VALID FOR 2023<br \/>**THESE RATES ARE NOT VALID DURING SPECIAL DATES SUCH: EASTER, CARNIVAL, CHRISTMAS.<\/p>\n<p>***NOT VALID FOR LOCAL HOLIDAYS OR DURING CONGRESSES &amp; EVENTS<\/p>\n","protected":false},"excerpt":{"rendered":"<p>Discover the untold wonders of South America with Ecuador Wonders&#8217; unique travel experiences. Our meticulously curated Colombian journey takes you through the vibrant history of Bogot\u00e1, the architectural marvel of Zipaquira&#8217;s Salt Cathedral, and the lush coffee plantations of Pereira. Unveil the biodiversity of Cocora National Park, traverse Medell\u00edn&#8217;s colorful streets, and bask in the sun-soaked beauty of Cartagena and the Rosario Islands. With Ecuador Wonders, you&#8217;ll immerse yourself in Colombia&#8217;s rich culture and breathtaking landscapes, making memories that last a lifetime. Embark on your South American adventure today.<\/p>\n","protected":false},"featured_media":204,"comment_status":"closed","ping_status":"closed","template":"","meta":[],"product_cat":[18],"product_tag":[],"class_list":["post-203","product","type-product","status-publish","has-post-thumbnail","hentry","product_cat-colombia"],"acf":[],"_links":{"self":[{"href":"https:\/\/ecuadorwonders.com\/tours\/wp-json\/wp\/v2\/product\/203","targetHints":{"allow":["GET"]}}],"collection":[{"href":"https:\/\/ecuadorwonders.com\/tours\/wp-json\/wp\/v2\/product"}],"about":[{"href":"https:\/\/ecuadorwonders.com\/tours\/wp-json\/wp\/v2\/types\/product"}],"replies":[{"embeddable":true,"href":"https:\/\/ecuadorwonders.com\/tours\/wp-json\/wp\/v2\/comments?post=203"}],"wp:featuredmedia":[{"embeddable":true,"href":"https:\/\/ecuadorwonders.com\/tours\/wp-json\/wp\/v2\/media\/204"}],"wp:attachment":[{"href":"https:\/\/ecuadorwonders.com\/tours\/wp-json\/wp\/v2\/media?parent=203"}],"wp:term":[{"taxonomy":"product_cat","embeddable":true,"href":"https:\/\/ecuadorwonders.com\/tours\/wp-json\/wp\/v2\/product_cat?post=203"},{"taxonomy":"product_tag","embeddable":true,"href":"https:\/\/ecuadorwonders.com\/tours\/wp-json\/wp\/v2\/product_tag?post=203"}],"curies":[{"name":"wp","href":"https:\/\/api.w.org\/{rel}","templated":true}]}}